{"id":3719,"date":"2025-09-12T14:42:48","date_gmt":"2025-09-12T12:42:48","guid":{"rendered":"https:\/\/cosmetosciences.fr\/?page_id=3719"},"modified":"2025-09-12T14:49:27","modified_gmt":"2025-09-12T12:49:27","slug":"the-platforms","status":"publish","type":"page","link":"https:\/\/cosmetosciences.fr\/en\/the-platforms\/","title":{"rendered":"The platforms"},"content":{"rendered":"<p>[et_pb_section fb_built=&#8221;1&#8243; _builder_version=&#8221;4.27.4&#8243; _module_preset=&#8221;default&#8221; background_color=&#8221;#938377&#8243; background_enable_image=&#8221;off&#8221; top_divider_style=&#8221;curve&#8221; top_divider_color=&#8221;#8FB459&#8243; top_divider_height=&#8221;9px&#8221; bottom_divider_style=&#8221;curve&#8221; bottom_divider_color=&#8221;#8FB459&#8243; bottom_divider_height=&#8221;9px&#8221; bottom_divider_flip=&#8221;horizontal|vertical&#8221; global_colors_info=&#8221;{}&#8221;][et_pb_row _builder_version=&#8221;4.16&#8243; _module_preset=&#8221;default&#8221; global_colors_info=&#8221;{}&#8221;][et_pb_column type=&#8221;4_4&#8243; _builder_version=&#8221;4.16&#8243; _module_preset=&#8221;default&#8221; global_colors_info=&#8221;{}&#8221;][et_pb_text _builder_version=&#8221;4.27.4&#8243; _module_preset=&#8221;default&#8221; header_font=&#8221;Comfortaa||||||||&#8221; header_font_size=&#8221;34px&#8221; header_line_height=&#8221;1.2em&#8221; header_2_font=&#8221;Comfortaa|700|||||||&#8221; header_2_text_align=&#8221;center&#8221; header_2_line_height=&#8221;1.2em&#8221; global_colors_info=&#8221;{}&#8221;]<\/p>\n<h1 style=\"text-align: center;\"><span style=\"color: #ffffff;\"><span data-scheme-color=\"@ED7D31,5,\" data-usefontface=\"false\" data-contrast=\"none\" class=\"TextRun  BCX8 SCXP92225411\" xml:lang=\"FR-FR\" lang=\"FR-FR\"><span class=\"NormalTextRun  BCX8 SCXP92225411\">The platforms<\/span><\/span><\/span><\/h1>\n<p><span style=\"color: #ffffff;\"><\/span><\/p>\n<p>[\/et_pb_text][et_pb_text _builder_version=&#8221;4.27.4&#8243; _module_preset=&#8221;default&#8221; custom_margin=&#8221;-23px|||||&#8221; hover_enabled=&#8221;0&#8243; global_colors_info=&#8221;{}&#8221; sticky_enabled=&#8221;0&#8243;]<\/p>\n<p style=\"text-align: center;\"><span style=\"color: #ffffff;\">Discover our 4 platforms, designed to support research projects and facilitate the development as well as the characterization of cosmetic products and formulations, intended for industry professionals and academic laboratories.<\/span><\/p>\n<p>[\/et_pb_text][\/et_pb_column][\/et_pb_row][et_pb_row column_structure=&#8221;1_2,1_2&#8243; _builder_version=&#8221;4.27.4&#8243; _module_preset=&#8221;default&#8221; background_color=&#8221;#FFFFFF&#8221; custom_margin=&#8221;||34px||false|false&#8221; border_radii=&#8221;on|29px|29px|29px|29px&#8221; global_colors_info=&#8221;{}&#8221;][et_pb_column type=&#8221;1_2&#8243; _builder_version=&#8221;4.27.4&#8243; _module_preset=&#8221;default&#8221; global_colors_info=&#8221;{}&#8221;][et_pb_image src=&#8221;https:\/\/cosmetosciences.fr\/wp-content\/uploads\/2025\/01\/Design-sans-titre-4.jpg&#8221; alt=&#8221;Salsa &#8221; title_text=&#8221;Design sans titre (4)&#8221; _builder_version=&#8221;4.27.4&#8243; _module_preset=&#8221;default&#8221; global_colors_info=&#8221;{}&#8221;][\/et_pb_image][et_pb_button button_url=&#8221;mailto:salsa@univ-orleans.fr&#8221; button_text=&#8221;Contact the team&#8221; button_alignment=&#8221;center&#8221; _builder_version=&#8221;4.27.4&#8243; _module_preset=&#8221;default&#8221; hover_enabled=&#8221;0&#8243; global_colors_info=&#8221;{}&#8221; sticky_enabled=&#8221;0&#8243;][\/et_pb_button][\/et_pb_column][et_pb_column type=&#8221;1_2&#8243; _builder_version=&#8221;4.27.4&#8243; _module_preset=&#8221;default&#8221; global_colors_info=&#8221;{}&#8221;][et_pb_text _builder_version=&#8221;4.27.4&#8243; _module_preset=&#8221;default&#8221; custom_padding=&#8221;|38px|0px|||&#8221; hover_enabled=&#8221;0&#8243; global_colors_info=&#8221;{}&#8221; sticky_enabled=&#8221;0&#8243;]<\/p>\n<h4 style=\"text-align: justify;\"><span style=\"color: #000000;\"><strong>SALSA <\/strong><\/span><\/h4>\n<p data-start=\"52\" data-end=\"114\"><span style=\"color: #000000;\">Characterization and Identification of Bioactive Molecules<\/span><\/p>\n<p data-start=\"116\" data-end=\"926\" style=\"text-align: justify;\"><span style=\"color: #000000;\">Thanks to the versatility of its techniques, the SALSA platform in Orl\u00e9ans (ICOA, UMR7311) offers services ranging from extraction using green solvents, to the characterization of primary metabolites (sugars, amino acids) or specialized metabolites (phenolic acids, flavonoids, terpenes, alkaloids) in complex mixtures by mass spectrometry (MS, HRMS), up to in vitro activity screening (microplates with UV-visible\/fluorescence reading). SALSA has numerous MS coupling techniques (UHPLC, SFC, CE, TLC, and GC) enabling the comparison and identification of phytochemical signatures of compounds through targeted or untargeted metabolomics approaches, as well as through the use of molecular networking. The fractionation\/purification step can also be performed to enable structure-activity relationship studies<\/span>.<\/p>\n<p style=\"text-align: justify;\"><span style=\"color: #ffffff;\">ur les mol\u00e9cules d\u2019int\u00e9r\u00eat, ou de caract\u00e9risation par RMN.<\/span><\/p>\n<p>[\/et_pb_text][\/et_pb_column][\/et_pb_row][et_pb_row column_structure=&#8221;1_2,1_2&#8243; _builder_version=&#8221;4.27.4&#8243; _module_preset=&#8221;default&#8221; background_color=&#8221;#FFFFFF&#8221; custom_margin=&#8221;||34px||false|false&#8221; border_radii=&#8221;on|13px|13px|13px|13px&#8221; global_colors_info=&#8221;{}&#8221;][et_pb_column type=&#8221;1_2&#8243; _builder_version=&#8221;4.27.4&#8243; _module_preset=&#8221;default&#8221; global_colors_info=&#8221;{}&#8221;][et_pb_image src=&#8221;https:\/\/cosmetosciences.fr\/wp-content\/uploads\/2025\/01\/Design-sans-titre-3.jpg&#8221; alt=&#8221;Mo2ving &#8221; title_text=&#8221;Design sans titre (3)&#8221; _builder_version=&#8221;4.27.4&#8243; _module_preset=&#8221;default&#8221; global_colors_info=&#8221;{}&#8221;][\/et_pb_image][et_pb_button button_url=&#8221;mailto:mo2ving@cnrs-orleans.fr&#8221; button_text=&#8221;Contact the team&#8221; button_alignment=&#8221;center&#8221; _builder_version=&#8221;4.27.4&#8243; _module_preset=&#8221;default&#8221; hover_enabled=&#8221;0&#8243; global_colors_info=&#8221;{}&#8221; sticky_enabled=&#8221;0&#8243;][\/et_pb_button][\/et_pb_column][et_pb_column type=&#8221;1_2&#8243; _builder_version=&#8221;4.27.4&#8243; _module_preset=&#8221;default&#8221; global_colors_info=&#8221;{}&#8221;][et_pb_text _builder_version=&#8221;4.27.4&#8243; _module_preset=&#8221;default&#8221; custom_padding=&#8221;|38px||||&#8221; global_colors_info=&#8221;{}&#8221;]<\/p>\n<h4 style=\"text-align: justify;\"><span style=\"color: #000000;\"><strong>MO2VING <\/strong><\/span><\/h4>\n<p style=\"text-align: justify;\"><span style=\"color: #000000;\">\u00a0The MO2VING platform of CNRS Orl\u00e9ans (CBM, UPR 4301 &#8211; CNRS) brings together complementary expertise ranging from molecular characterization to multi-scale imaging. The cellular imaging unit enables the study of ingredient cytotoxicity, the analysis of cellular markers related to proliferation, differentiation, and inflammation, as well as visualization of the effects of ingredients on the structure and morphology of skin cells. The molecular unit focuses on studying ingredient interactions, skin penetration of bioactive molecules, formula stability, and the detection of allergens and proteins in formulations. The CBM also hosts a unique microRNA screening platform in France, which helps reduce development time and costs by identifying new bioactive structures from plant and biotechnological biomasses.<\/span><\/p>\n<p>[\/et_pb_text][\/et_pb_column][\/et_pb_row][et_pb_row column_structure=&#8221;1_2,1_2&#8243; _builder_version=&#8221;4.27.4&#8243; _module_preset=&#8221;default&#8221; background_color=&#8221;#FFFFFF&#8221; border_radii=&#8221;on|13px|13px|13px|13px&#8221; global_colors_info=&#8221;{}&#8221;][et_pb_column type=&#8221;1_2&#8243; _builder_version=&#8221;4.27.4&#8243; _module_preset=&#8221;default&#8221; global_colors_info=&#8221;{}&#8221;][et_pb_image src=&#8221;https:\/\/cosmetosciences.fr\/wp-content\/uploads\/2025\/01\/Capture-decran-2025-01-30-112652.png&#8221; title_text=&#8221;Capture d\u2019\u00e9cran 2025-01-30 112652&#8243; url=&#8221;https:\/\/www.univ-orleans.fr\/fr\/welab-cosmetic&#8221; _builder_version=&#8221;4.27.4&#8243; _module_preset=&#8221;default&#8221; custom_padding=&#8221;|||17px||&#8221; global_colors_info=&#8221;{}&#8221;][\/et_pb_image][et_pb_button button_url=&#8221;mailto:welabcosmetic@univ-orleans.fr&#8221; button_text=&#8221;Contactez l&#8217;\u00e9quipe&#8221; button_alignment=&#8221;center&#8221; _builder_version=&#8221;4.27.4&#8243; _module_preset=&#8221;default&#8221; global_colors_info=&#8221;{}&#8221;][\/et_pb_button][\/et_pb_column][et_pb_column type=&#8221;1_2&#8243; _builder_version=&#8221;4.27.4&#8243; _module_preset=&#8221;default&#8221; global_colors_info=&#8221;{}&#8221;][et_pb_text _builder_version=&#8221;4.27.4&#8243; _module_preset=&#8221;default&#8221; custom_padding=&#8221;|30px||||&#8221; global_colors_info=&#8221;{}&#8221;]<\/p>\n<h4><span style=\"color: #000000;\"><strong>We Lab Cosmetic<\/strong><\/span><\/h4>\n<p data-start=\"51\" data-end=\"133\" style=\"text-align: justify;\"><span style=\"color: #000000;\">The first entrepreneurship support laboratory in France dedicated to cosmetics<\/span><\/p>\n<p data-start=\"135\" data-end=\"1116\" style=\"text-align: justify;\"><span style=\"color: #000000;\">A Technological Platform labeled in 2023 by the Ministry of Higher Education and Research, We Lab Cosmetic is located within a high-level academic research environment. Its primary goal is to support entrepreneurship and prototyping of cosmetic projects through equipment that enables the study of plant transformation, primary biological activities (in vitro and in vivo), and the cosmetic formulability of products ranging from liquids to solids. It also helps strengthen the links between higher education and industry by offering &#8220;Student Challenges,&#8221; which involve completing a short project proposed by an idea holder (student, independent professional, researcher, start-up) up to the proof of concept stage. Its activities allow for the pooling of equipment and associated expertise within a socio-economic response framework, engagement in strategic projects at the research\/training interface, and participation in research projects aimed at more eco-responsible methods.<\/span><\/p>\n<p>[\/et_pb_text][\/et_pb_column][\/et_pb_row][et_pb_row column_structure=&#8221;1_2,1_2&#8243; _builder_version=&#8221;4.27.4&#8243; _module_preset=&#8221;default&#8221; background_color=&#8221;#FFFFFF&#8221; custom_margin=&#8221;34px||||false|false&#8221; border_radii=&#8221;on|13px|13px|13px|13px&#8221; global_colors_info=&#8221;{}&#8221;][et_pb_column type=&#8221;1_2&#8243; _builder_version=&#8221;4.27.4&#8243; _module_preset=&#8221;default&#8221; global_colors_info=&#8221;{}&#8221;][et_pb_image src=&#8221;https:\/\/cosmetosciences.fr\/wp-content\/uploads\/2025\/09\/APT_Logo_CosmetInnLab_CMJN_Positif.jpg&#8221; title_text=&#8221;APT_Logo_CosmetInnLab_CMJN_Positif&#8221; url=&#8221;https:\/\/ddec1-0-en-ctp.trendmicro.com\/wis\/clicktime\/v1\/query?url=https%3a%2f%2finnlabs.agroparistech.fr%2fcosmetinnlab&#038;umid=f9962267-a7ed-46b9-8a6a-912c7672c313&#038;rct=1757491066&#038;auth=66532154a22d8ff5d1f4a9c61e98c0d1d5243a94-58ef1f0d5baf91a19016d1255ba813e72ecd4be2&#8243; align=&#8221;center&#8221; _builder_version=&#8221;4.27.4&#8243; _module_preset=&#8221;default&#8221; width=&#8221;78%&#8221; custom_margin=&#8221;86px||||false|false&#8221; custom_padding=&#8221;|||17px||&#8221; global_colors_info=&#8221;{}&#8221;][\/et_pb_image][et_pb_button button_url=&#8221;mailto:cosmetinnlab@agroparistech.fr;%20&#8243; button_text=&#8221;Contactez l&#8217;\u00e9quipe&#8221; button_alignment=&#8221;center&#8221; _builder_version=&#8221;4.27.4&#8243; _module_preset=&#8221;default&#8221; global_colors_info=&#8221;{}&#8221;][\/et_pb_button][\/et_pb_column][et_pb_column type=&#8221;1_2&#8243; _builder_version=&#8221;4.27.4&#8243; _module_preset=&#8221;default&#8221; global_colors_info=&#8221;{}&#8221;][et_pb_text _builder_version=&#8221;4.27.4&#8243; _module_preset=&#8221;default&#8221; custom_padding=&#8221;|30px||||&#8221; hover_enabled=&#8221;0&#8243; global_colors_info=&#8221;{}&#8221; sticky_enabled=&#8221;0&#8243;]<\/p>\n<h4><span style=\"color: #000000;\"><strong>Cosmet&#8217;InnLab<\/strong><\/span><\/h4>\n<p data-start=\"51\" data-end=\"180\"><span style=\"color: #000000;\">Cosmet\u2019InnLab is an innovation platform dedicated to the cosmetics sector, integrated into the AgroParisTech InnLabs network<strong data-start=\"51\" data-end=\"180\">.<\/strong><\/span><\/p>\n<p data-start=\"182\" data-end=\"891\"><span style=\"color: #000000;\">Located on the Orl\u00e9ans campus, it sits at the crossroads of research, experimentation, technical development, and training. This initiative supports project leaders, entrepreneurs, start-ups, and researchers in developing high-performance, sustainable, and innovative cosmetic solutions. Thanks to the expertise of the Chair of Cosmetology and a rich local ecosystem, Cosmet\u2019InnLab offers tailored scientific and technical support\u2014from ideation to prototype development and feasibility validation. By joining Cosmet\u2019InnLab, innovators gain privileged access to cutting-edge laboratories, specialized equipment, educational supervision, and a dynamic network that fosters the emergence of high-impact projects.<\/span><\/p>\n<p>&nbsp;<\/p>\n<p>[\/et_pb_text][\/et_pb_column][\/et_pb_row][\/et_pb_section]<\/p>\n","protected":false},"excerpt":{"rendered":"<p>The platforms Discover our 4 platforms, designed to support research projects and facilitate the development as well as the characterization of cosmetic products and formulations, intended for industry professionals and academic laboratories.SALSA Characterization and Identification of Bioactive Molecules Thanks to the versatility of its techniques, the SALSA platform in Orl\u00e9ans (ICOA, UMR7311) offers services ranging [&hellip;]<\/p>\n","protected":false},"author":4,"featured_media":0,"parent":0,"menu_order":0,"comment_status":"closed","ping_status":"closed","template":"","meta":{"_et_pb_use_builder":"on","_et_pb_old_content":"","_et_gb_content_width":"","inline_featured_image":false,"footnotes":""},"class_list":["post-3719","page","type-page","status-publish","hentry"],"acf":[],"_links":{"self":[{"href":"https:\/\/cosmetosciences.fr\/en\/wp-json\/wp\/v2\/pages\/3719","targetHints":{"allow":["GET"]}}],"collection":[{"href":"https:\/\/cosmetosciences.fr\/en\/wp-json\/wp\/v2\/pages"}],"about":[{"href":"https:\/\/cosmetosciences.fr\/en\/wp-json\/wp\/v2\/types\/page"}],"author":[{"embeddable":true,"href":"https:\/\/cosmetosciences.fr\/en\/wp-json\/wp\/v2\/users\/4"}],"replies":[{"embeddable":true,"href":"https:\/\/cosmetosciences.fr\/en\/wp-json\/wp\/v2\/comments?post=3719"}],"version-history":[{"count":2,"href":"https:\/\/cosmetosciences.fr\/en\/wp-json\/wp\/v2\/pages\/3719\/revisions"}],"predecessor-version":[{"id":3722,"href":"https:\/\/cosmetosciences.fr\/en\/wp-json\/wp\/v2\/pages\/3719\/revisions\/3722"}],"wp:attachment":[{"href":"https:\/\/cosmetosciences.fr\/en\/wp-json\/wp\/v2\/media?parent=3719"}],"curies":[{"name":"wp","href":"https:\/\/api.w.org\/{rel}","templated":true}]}}